{"id":4050,"date":"2022-11-21T20:45:01","date_gmt":"2022-11-21T17:45:01","guid":{"rendered":"http:\/\/gencbilgiislem.com\/sigorta\/?page_id=4050"},"modified":"2022-11-21T20:49:40","modified_gmt":"2022-11-21T17:49:40","slug":"konut-sigortasi-teklif-formu","status":"publish","type":"page","link":"http:\/\/gencbilgiislem.com\/sigorta\/konut-sigortasi-teklif-formu\/","title":{"rendered":"Konut Sigortas\u0131 Teklif Formu"},"content":{"rendered":"\t\t<div data-elementor-type=\"wp-page\" data-elementor-id=\"4050\" class=\"elementor elementor-4050\">\n\t\t\t\t\t\t\t        <section class=\"elementor-section elementor-top-section elementor-element elementor-element-735beb71 elementor-section-boxed elementor-section-height-default elementor-section-height-default\" data-id=\"735beb71\" data-element_type=\"section\">\n            \n                        <div class=\"elementor-container elementor-column-gap-default \">\n                    <div class=\"elementor-column elementor-col-100 elementor-top-column elementor-element elementor-element-67ea31d3\" data-id=\"67ea31d3\" data-element_type=\"column\">\n            <div class=\"elementor-widget-wrap elementor-element-populated\">\n                        \t\t<div class=\"elementor-element elementor-element-7e36b388 elementor-widget elementor-widget-ct_heading\" data-id=\"7e36b388\" data-element_type=\"widget\" data-widget_type=\"ct_heading.default\">\n\t\t\t\t<div class=\"elementor-widget-container\">\n\t\t\t<div class=\"ct-heading ct-heading-default h-align-center \" data-wow-duration=\"1.2s\">\r\n\t\t\t<div class=\"item--sub-title style-default\">\r\n            <span>Rasel Sigorta<\/span>\r\n        <\/div>\r\n\t        <h3 class=\"item--title\">\r\n                Konut Sigortas\u0131 <cite>Fiyat Teklifi<\/cite>    <\/h3>\r\n<\/div>\t\t<\/div>\n\t\t\t\t<\/div>\n\t\t            <\/div>\n        <\/div>\n                            <\/div>\n        <\/section>\n                <section class=\"elementor-section elementor-top-section elementor-element elementor-element-13b264db elementor-section-stretched elementor-section-boxed elementor-section-height-default elementor-section-height-default\" data-id=\"13b264db\" data-element_type=\"section\" data-settings=\"{&quot;stretch_section&quot;:&quot;section-stretched&quot;}\">\n            \n                        <div class=\"elementor-container elementor-column-gap-default \">\n                    <div class=\"elementor-column elementor-col-100 elementor-top-column elementor-element elementor-element-34d492be\" data-id=\"34d492be\" data-element_type=\"column\">\n            <div class=\"elementor-widget-wrap elementor-element-populated\">\n                        \t\t<div class=\"elementor-element elementor-element-311d8bd7 elementor-widget elementor-widget-ct_contact_form\" data-id=\"311d8bd7\" data-element_type=\"widget\" data-widget_type=\"ct_contact_form.default\">\n\t\t\t\t<div class=\"elementor-widget-container\">\n\t\t\t    <div class=\"ct-contact-form-layout1 style1 \">\r\n    \t        <div class=\"ct-contact-form\">\r\n            <div role=\"form\" class=\"wpcf7\" id=\"wpcf7-f4049-o1\" lang=\"en-US\" dir=\"ltr\">\n<div class=\"screen-reader-response\"><p role=\"status\" aria-live=\"polite\" aria-atomic=\"true\"><\/p> <ul><\/ul><\/div>\n<form action=\"\/sigorta\/wp-json\/wp\/v2\/pages\/4050#wpcf7-f4049-o1\" method=\"post\" class=\"wpcf7-form init\" novalidate=\"novalidate\" data-status=\"init\">\n<div style=\"display: none;\">\n<input type=\"hidden\" name=\"_wpcf7\" value=\"4049\" \/>\n<input type=\"hidden\" name=\"_wpcf7_version\" value=\"5.6.3\" \/>\n<input type=\"hidden\" name=\"_wpcf7_locale\" value=\"en_US\" \/>\n<input type=\"hidden\" name=\"_wpcf7_unit_tag\" value=\"wpcf7-f4049-o1\" \/>\n<input type=\"hidden\" name=\"_wpcf7_container_post\" value=\"0\" \/>\n<input type=\"hidden\" name=\"_wpcf7_posted_data_hash\" value=\"\" \/>\n<\/div>\n<div class=\"row\">\n<div class=\"input-filled col-lg-6 col-md-6\"><label>Ad\u0131n\u0131z Soyad\u0131n\u0131z *<br \/>\n<\/label><span class=\"wpcf7-form-control-wrap\" data-name=\"adiniz-soyadiniz\"><input type=\"text\" name=\"adiniz-soyadiniz\" value=\"\" size=\"40\" class=\"wpcf7-form-control wpcf7-text wpcf7-validates-as-required\" aria-required=\"true\" aria-invalid=\"false\" placeholder=\"Ad\u0131n\u0131z Soyad\u0131n\u0131z\" \/><\/span><\/div>\n<div class=\"input-filled col-lg-6 col-md-6\"><label>T.C. Kimlik Numaran\u0131z*<\/label><span class=\"wpcf7-form-control-wrap\" data-name=\"tc-kimlik-no\"><input type=\"number\" name=\"tc-kimlik-no\" value=\"\" class=\"wpcf7-form-control wpcf7-number wpcf7-validates-as-required wpcf7-validates-as-number\" aria-required=\"true\" aria-invalid=\"false\" placeholder=\"11111111111\" \/><\/span><\/div>\n<\/div>\n<div class=\"row\">\n<div class=\"input-filled col-lg-6 col-md-6\"><label>E-Posta*<br \/>\n<\/label><span class=\"wpcf7-form-control-wrap\" data-name=\"e-posta\"><input type=\"email\" name=\"e-posta\" value=\"\" size=\"40\" class=\"wpcf7-form-control wpcf7-text wpcf7-email wpcf7-validates-as-required wpcf7-validates-as-email\" aria-required=\"true\" aria-invalid=\"false\" placeholder=\"example@example.com\" \/><\/span><\/div>\n<div class=\"input-filled col-lg-6 col-md-6\"><label>Telefon Numaran\u0131z*<\/label><span class=\"wpcf7-form-control-wrap\" data-name=\"telefon-numarasi\"><input type=\"tel\" name=\"telefon-numarasi\" value=\"\" size=\"40\" class=\"wpcf7-form-control wpcf7-text wpcf7-tel wpcf7-validates-as-required wpcf7-validates-as-tel\" aria-required=\"true\" aria-invalid=\"false\" placeholder=\"05xx xxx xx xx\" \/><\/span><\/div>\n<\/div>\n<div class=\"row\">\n<div class=\"input-filled col-lg-3 col-md-3\"><label>Konutunuzun Bulundu\u011fu \u0130l*<br \/>\n<\/label><span class=\"wpcf7-form-control-wrap\" data-name=\"iller\"><select name=\"iller\" class=\"wpcf7-form-control wpcf7-select wpcf7-validates-as-required\" aria-required=\"true\" aria-invalid=\"false\"><option value=\"\">---<\/option><option value=\"Adana\">Adana<\/option><option value=\"Ad\u0131yaman\">Ad\u0131yaman<\/option><option value=\"Afyonkarahisar\">Afyonkarahisar<\/option><option value=\"A\u011fr\u0131\">A\u011fr\u0131<\/option><option value=\"Aksaray\">Aksaray<\/option><option value=\"Amasya\">Amasya<\/option><option value=\"Ankara\">Ankara<\/option><option value=\"Antalya\">Antalya<\/option><option value=\"Ardahan\">Ardahan<\/option><option value=\"Artvin\">Artvin<\/option><option value=\"Ayd\u0131n\">Ayd\u0131n<\/option><option value=\"Bal\u0131kesir\">Bal\u0131kesir<\/option><option value=\"Bart\u0131n\">Bart\u0131n<\/option><option value=\"Batman\">Batman<\/option><option value=\"Bayburt\">Bayburt<\/option><option value=\"Bilecik\">Bilecik<\/option><option value=\"Bing\u00f6l\">Bing\u00f6l<\/option><option value=\"Bitlis\">Bitlis<\/option><option value=\"Bolu\">Bolu<\/option><option value=\"Burdur\">Burdur<\/option><option value=\"Bursa\">Bursa<\/option><option value=\"\u00c7anakkale\">\u00c7anakkale<\/option><option value=\"\u00c7ank\u0131r\u0131\">\u00c7ank\u0131r\u0131<\/option><option value=\"\u00c7orum\">\u00c7orum<\/option><option value=\"Denizli\">Denizli<\/option><option value=\"Diyarbak\u0131r\">Diyarbak\u0131r<\/option><option value=\"D\u00fczce\">D\u00fczce<\/option><option value=\"Edirne\">Edirne<\/option><option value=\"Elaz\u0131\u011f\">Elaz\u0131\u011f<\/option><option value=\"Erzincan\">Erzincan<\/option><option value=\"Erzurum\">Erzurum<\/option><option value=\"Eski\u015fehir\">Eski\u015fehir<\/option><option value=\"Gaziantep\">Gaziantep<\/option><option value=\"Giresun\">Giresun<\/option><option value=\"G\u00fcm\u00fc\u015fhane\">G\u00fcm\u00fc\u015fhane<\/option><option value=\"Hakk\u00e2ri\">Hakk\u00e2ri<\/option><option value=\"Hatay\">Hatay<\/option><option value=\"I\u011fd\u0131r\">I\u011fd\u0131r<\/option><option value=\"Isparta\">Isparta<\/option><option value=\"\u0130stanbul\">\u0130stanbul<\/option><option value=\"\u0130zmir\">\u0130zmir<\/option><option value=\"Kahramanmara\u015f\">Kahramanmara\u015f<\/option><option value=\"Karab\u00fck\">Karab\u00fck<\/option><option value=\"Karaman\">Karaman<\/option><option value=\"Kars\">Kars<\/option><option value=\"Kastamonu\">Kastamonu<\/option><option value=\"Kayseri\">Kayseri<\/option><option value=\"Kilis\">Kilis<\/option><option value=\"K\u0131r\u0131kkale\">K\u0131r\u0131kkale<\/option><option value=\"K\u0131rklareli\">K\u0131rklareli<\/option><option value=\"K\u0131r\u015fehir\">K\u0131r\u015fehir<\/option><option value=\"Kocaeli\">Kocaeli<\/option><option value=\"Konya\">Konya<\/option><option value=\"K\u00fctahya\">K\u00fctahya<\/option><option value=\"Malatya\">Malatya<\/option><option value=\"Manisa\">Manisa<\/option><option value=\"Mardin\">Mardin<\/option><option value=\"Mersin\">Mersin<\/option><option value=\"Mu\u011fla\">Mu\u011fla<\/option><option value=\"Mu\u015f\">Mu\u015f<\/option><option value=\"Nev\u015fehir\">Nev\u015fehir<\/option><option value=\"Ni\u011fde\">Ni\u011fde<\/option><option value=\"Ordu\">Ordu<\/option><option value=\"Osmaniye\">Osmaniye<\/option><option value=\"Rize\">Rize<\/option><option value=\"Sakarya\">Sakarya<\/option><option value=\"Samsun\">Samsun<\/option><option value=\"\u015eanl\u0131urfa\">\u015eanl\u0131urfa<\/option><option value=\"Siirt\">Siirt<\/option><option value=\"Sinop\">Sinop<\/option><option value=\"Sivas\">Sivas<\/option><option value=\"\u015e\u0131rnak\">\u015e\u0131rnak<\/option><option value=\"Tekirda\u011f\">Tekirda\u011f<\/option><option value=\"Tokat\">Tokat<\/option><option value=\"Trabzon\">Trabzon<\/option><option value=\"Tunceli\">Tunceli<\/option><option value=\"U\u015fak\">U\u015fak<\/option><option value=\"Van\">Van<\/option><option value=\"Yalova\">Yalova<\/option><option value=\"Yozgat\">Yozgat<\/option><option value=\"Zonguldak\">Zonguldak<\/option><\/select><\/span><\/div>\n<\/div>\n<div class=\"row\">\n<div class=\"input-filled col-12\"><button type=\"submit\" class=\"wpcf7-submit btn btn-size-default\"><i class=\"fac fac-cloud-upload-alt space-right\"><\/i>Teklif Al<\/button><\/div>\n<\/div>\n<div class=\"wpcf7-response-output\" aria-hidden=\"true\"><\/div><\/form><\/div>        <\/div>\r\n    <\/div>\r\n\t\t<\/div>\n\t\t\t\t<\/div>\n\t\t\t\t<div class=\"elementor-element elementor-element-45d0bfc4 elementor-widget elementor-widget-ct_heading\" data-id=\"45d0bfc4\" data-element_type=\"widget\" data-widget_type=\"ct_heading.default\">\n\t\t\t\t<div class=\"elementor-widget-container\">\n\t\t\t<div class=\"ct-heading ct-heading-default h-align-center \" data-wow-duration=\"1.2s\">\r\n\t\t\t<div class=\"item--sub-title style-default\">\r\n            <span>Rasel Sigorta<\/span>\r\n        <\/div>\r\n\t        <h3 class=\"item--title\">\r\n                \u00c7\u00f6z\u00fcm <cite>Ortaklar\u0131m\u0131z<\/cite>     <\/h3>\r\n<\/div>\t\t<\/div>\n\t\t\t\t<\/div>\n\t\t\t\t<div class=\"elementor-element elementor-element-5535a662 elementor-widget elementor-widget-ct_client_carousel\" data-id=\"5535a662\" data-element_type=\"widget\" data-widget_type=\"ct_client_carousel.default\">\n\t\t\t\t<div class=\"elementor-widget-container\">\n\t\t\t    <div class=\"ct-client1 ct-slick-slider style2\">\r\n        <div class=\"ct-clients-list-inner\">\r\n            <div class=\"ct-slick-carousel\" data-arrows=\"\" data-dots=\"\" data-pauseOnHover=\"true\" data-autoplay=\"true\" data-autoplaySpeed=\"1000\" data-infinite=\"true\" data-speed=\"6000\" data-colxs=\"2\" data-colsm=\"3\" data-colmd=\"3\" data-collg=\"4\" data-colxl=\"6\" data-dir=\"false\" data-slidesToScroll=\"1\">\r\n                                        <div class=\"slick-slide\">\r\n                            <div class=\"client-image \">\r\n                                <a href=\"#\"><img decoding=\"async\" width=\"138\" height=\"70\" src=\"http:\/\/gencbilgiislem.com\/sigorta\/wp-content\/uploads\/2022\/10\/anadolusigorta.png\" class=\"attachment-full\" alt=\"\" \/><\/a>\r\n                            <\/div>\r\n                        <\/div>\r\n                                                            <div class=\"slick-slide\">\r\n                            <div class=\"client-image \">\r\n                                <a href=\"#\"><img decoding=\"async\" width=\"135\" height=\"38\" src=\"http:\/\/gencbilgiislem.com\/sigorta\/wp-content\/uploads\/2022\/10\/aksigorta.png\" class=\"attachment-full\" alt=\"\" \/><\/a>\r\n                            <\/div>\r\n                        <\/div>\r\n                                                            <div class=\"slick-slide\">\r\n                            <div class=\"client-image \">\r\n                                <a href=\"#\"><img decoding=\"async\" width=\"77\" height=\"44\" src=\"http:\/\/gencbilgiislem.com\/sigorta\/wp-content\/uploads\/2022\/10\/HdiSigorta.png\" class=\"attachment-full\" alt=\"\" \/><\/a>\r\n                            <\/div>\r\n                        <\/div>\r\n                                                            <div class=\"slick-slide\">\r\n                            <div class=\"client-image \">\r\n                                <a href=\"#\"><img decoding=\"async\" width=\"168\" height=\"84\" src=\"http:\/\/gencbilgiislem.com\/sigorta\/wp-content\/uploads\/2022\/10\/logo1.png\" class=\"attachment-full\" alt=\"\" \/><\/a>\r\n                            <\/div>\r\n                        <\/div>\r\n                                                            <div class=\"slick-slide\">\r\n                            <div class=\"client-image \">\r\n                                <a href=\"#\"><img decoding=\"async\" width=\"178\" height=\"35\" src=\"http:\/\/gencbilgiislem.com\/sigorta\/wp-content\/uploads\/2022\/10\/madgelogo.png\" class=\"attachment-full\" alt=\"\" \/><\/a>\r\n                            <\/div>\r\n                        <\/div>\r\n                                                            <div class=\"slick-slide\">\r\n                            <div class=\"client-image \">\r\n                                <a href=\"#\"><img decoding=\"async\" width=\"122\" height=\"68\" src=\"http:\/\/gencbilgiislem.com\/sigorta\/wp-content\/uploads\/2022\/10\/RaySigorta.png\" class=\"attachment-full\" alt=\"\" \/><\/a>\r\n                            <\/div>\r\n                        <\/div>\r\n                                                            <div class=\"slick-slide\">\r\n                            <div class=\"client-image \">\r\n                                <a href=\"#\"><img decoding=\"async\" width=\"173\" height=\"37\" src=\"http:\/\/gencbilgiislem.com\/sigorta\/wp-content\/uploads\/2022\/10\/TurkiyeSigorta.png\" class=\"attachment-full\" alt=\"\" \/><\/a>\r\n                            <\/div>\r\n                        <\/div>\r\n                                                            <div class=\"slick-slide\">\r\n                            <div class=\"client-image \">\r\n                                <a href=\"#\"><img decoding=\"async\" width=\"140\" height=\"70\" src=\"http:\/\/gencbilgiislem.com\/sigorta\/wp-content\/uploads\/2022\/10\/unico.png\" class=\"attachment-full\" alt=\"\" \/><\/a>\r\n                            <\/div>\r\n                        <\/div>\r\n                                                            <div class=\"slick-slide\">\r\n                            <div class=\"client-image \">\r\n                                <a href=\"#\"><img decoding=\"async\" width=\"210\" height=\"60\" src=\"http:\/\/gencbilgiislem.com\/sigorta\/wp-content\/uploads\/2022\/10\/aveon.png\" class=\"attachment-full\" alt=\"\" \/><\/a>\r\n                            <\/div>\r\n                        <\/div>\r\n                                                            <div class=\"slick-slide\">\r\n                            <div class=\"client-image \">\r\n                                <a href=\"#\"><img decoding=\"async\" width=\"157\" height=\"50\" src=\"http:\/\/gencbilgiislem.com\/sigorta\/wp-content\/uploads\/2022\/10\/bereketlogo.png\" class=\"attachment-full\" alt=\"\" \/><\/a>\r\n                            <\/div>\r\n                        <\/div>\r\n                                                            <div class=\"slick-slide\">\r\n                            <div class=\"client-image \">\r\n                                <a href=\"#\"><img decoding=\"async\" width=\"138\" height=\"70\" src=\"http:\/\/gencbilgiislem.com\/sigorta\/wp-content\/uploads\/2022\/10\/dogusigorta.png\" class=\"attachment-full\" alt=\"\" \/><\/a>\r\n                            <\/div>\r\n                        <\/div>\r\n                                                <\/div>\r\n        <\/div>\r\n    <\/div>\r\n\t\t<\/div>\n\t\t\t\t<\/div>\n\t\t            <\/div>\n        <\/div>\n                            <\/div>\n        <\/section>\n        \t\t\t\t\t<\/div>\n\t\t","protected":false},"excerpt":{"rendered":"<p>Rasel Sigorta Konut Sigortas\u0131 Fiyat Teklifi Ad\u0131n\u0131z Soyad\u0131n\u0131z * T.C. Kimlik Numaran\u0131z* E-Posta* Telefon Numaran\u0131z* Konutunuzun Bulundu\u011fu \u0130l* &#8212;AdanaAd\u0131yamanAfyonkarahisarA\u011fr\u0131AksarayAmasyaAnkaraAntalyaArdahanArtvinAyd\u0131nBal\u0131kesirBart\u0131nBatmanBayburtBilecikBing\u00f6lBitlisBoluBurdurBursa\u00c7anakkale\u00c7ank\u0131r\u0131\u00c7orumDenizliDiyarbak\u0131rD\u00fczceEdirneElaz\u0131\u011fErzincanErzurumEski\u015fehirGaziantepGiresunG\u00fcm\u00fc\u015fhaneHakk\u00e2riHatayI\u011fd\u0131rIsparta\u0130stanbul\u0130zmirKahramanmara\u015fKarab\u00fckKaramanKarsKastamonuKayseriKilisK\u0131r\u0131kkaleK\u0131rklareliK\u0131r\u015fehirKocaeliKonyaK\u00fctahyaMalatyaManisaMardinMersinMu\u011flaMu\u015fNev\u015fehirNi\u011fdeOrduOsmaniyeRizeSakaryaSamsun\u015eanl\u0131urfaSiirtSinopSivas\u015e\u0131rnakTekirda\u011fTokatTrabzonTunceliU\u015fakVanYalovaYozgatZonguldak Teklif Al Rasel Sigorta \u00c7\u00f6z\u00fcm Ortaklar\u0131m\u0131z<\/p>\n","protected":false},"author":1,"featured_media":0,"parent":0,"menu_order":0,"comment_status":"closed","ping_status":"closed","template":"","meta":{"footnotes":""},"class_list":["post-4050","page","type-page","status-publish","hentry"],"_links":{"self":[{"href":"http:\/\/gencbilgiislem.com\/sigorta\/wp-json\/wp\/v2\/pages\/4050","targetHints":{"allow":["GET"]}}],"collection":[{"href":"http:\/\/gencbilgiislem.com\/sigorta\/wp-json\/wp\/v2\/pages"}],"about":[{"href":"http:\/\/gencbilgiislem.com\/sigorta\/wp-json\/wp\/v2\/types\/page"}],"author":[{"embeddable":true,"href":"http:\/\/gencbilgiislem.com\/sigorta\/wp-json\/wp\/v2\/users\/1"}],"replies":[{"embeddable":true,"href":"http:\/\/gencbilgiislem.com\/sigorta\/wp-json\/wp\/v2\/comments?post=4050"}],"version-history":[{"count":7,"href":"http:\/\/gencbilgiislem.com\/sigorta\/wp-json\/wp\/v2\/pages\/4050\/revisions"}],"predecessor-version":[{"id":4062,"href":"http:\/\/gencbilgiislem.com\/sigorta\/wp-json\/wp\/v2\/pages\/4050\/revisions\/4062"}],"wp:attachment":[{"href":"http:\/\/gencbilgiislem.com\/sigorta\/wp-json\/wp\/v2\/media?parent=4050"}],"curies":[{"name":"wp","href":"https:\/\/api.w.org\/{rel}","templated":true}]}}