{"id":4041,"date":"2022-11-21T20:31:28","date_gmt":"2022-11-21T17:31:28","guid":{"rendered":"http:\/\/gencbilgiislem.com\/sigorta\/?page_id=4041"},"modified":"2022-11-21T20:50:21","modified_gmt":"2022-11-21T17:50:21","slug":"saglik-sigortasi-fiyat-teklifi","status":"publish","type":"page","link":"http:\/\/gencbilgiislem.com\/sigorta\/saglik-sigortasi-fiyat-teklifi\/","title":{"rendered":"Sa\u011fl\u0131k Sigortas\u0131 Fiyat Teklifi"},"content":{"rendered":"\t\t<div data-elementor-type=\"wp-page\" data-elementor-id=\"4041\" class=\"elementor elementor-4041\">\n\t\t\t\t\t\t\t        <section class=\"elementor-section elementor-top-section elementor-element elementor-element-42cdbeb elementor-section-boxed elementor-section-height-default elementor-section-height-default\" data-id=\"42cdbeb\" data-element_type=\"section\">\n            \n                        <div class=\"elementor-container elementor-column-gap-default \">\n                    <div class=\"elementor-column elementor-col-100 elementor-top-column elementor-element elementor-element-5ac710e8\" data-id=\"5ac710e8\" data-element_type=\"column\">\n            <div class=\"elementor-widget-wrap elementor-element-populated\">\n                        \t\t<div class=\"elementor-element elementor-element-79b2a9e elementor-widget elementor-widget-ct_heading\" data-id=\"79b2a9e\" data-element_type=\"widget\" data-widget_type=\"ct_heading.default\">\n\t\t\t\t<div class=\"elementor-widget-container\">\n\t\t\t<div class=\"ct-heading ct-heading-default h-align-center \" data-wow-duration=\"1.2s\">\r\n\t\t\t<div class=\"item--sub-title style-default\">\r\n            <span>Rasel Sigorta<\/span>\r\n        <\/div>\r\n\t        <h3 class=\"item--title\">\r\n                Sa\u011fl\u0131k Sigortas\u0131 <cite>Fiyat Teklifi<\/cite>    <\/h3>\r\n<\/div>\t\t<\/div>\n\t\t\t\t<\/div>\n\t\t            <\/div>\n        <\/div>\n                            <\/div>\n        <\/section>\n                <section class=\"elementor-section elementor-top-section elementor-element elementor-element-7c8d0875 elementor-section-stretched elementor-section-boxed elementor-section-height-default elementor-section-height-default\" data-id=\"7c8d0875\" data-element_type=\"section\" data-settings=\"{&quot;stretch_section&quot;:&quot;section-stretched&quot;}\">\n            \n                        <div class=\"elementor-container elementor-column-gap-default \">\n                    <div class=\"elementor-column elementor-col-100 elementor-top-column elementor-element elementor-element-5ce91ac7\" data-id=\"5ce91ac7\" data-element_type=\"column\">\n            <div class=\"elementor-widget-wrap elementor-element-populated\">\n                        \t\t<div class=\"elementor-element elementor-element-3c094aef elementor-widget elementor-widget-ct_contact_form\" data-id=\"3c094aef\" data-element_type=\"widget\" data-widget_type=\"ct_contact_form.default\">\n\t\t\t\t<div class=\"elementor-widget-container\">\n\t\t\t    <div class=\"ct-contact-form-layout1 style1 \">\r\n    \t        <div class=\"ct-contact-form\">\r\n            <div role=\"form\" class=\"wpcf7\" id=\"wpcf7-f4037-o1\" lang=\"en-US\" dir=\"ltr\">\n<div class=\"screen-reader-response\"><p role=\"status\" aria-live=\"polite\" aria-atomic=\"true\"><\/p> <ul><\/ul><\/div>\n<form action=\"\/sigorta\/wp-json\/wp\/v2\/pages\/4041#wpcf7-f4037-o1\" method=\"post\" class=\"wpcf7-form init\" novalidate=\"novalidate\" data-status=\"init\">\n<div style=\"display: none;\">\n<input type=\"hidden\" name=\"_wpcf7\" value=\"4037\" \/>\n<input type=\"hidden\" name=\"_wpcf7_version\" value=\"5.6.3\" \/>\n<input type=\"hidden\" name=\"_wpcf7_locale\" value=\"en_US\" \/>\n<input type=\"hidden\" name=\"_wpcf7_unit_tag\" value=\"wpcf7-f4037-o1\" \/>\n<input type=\"hidden\" name=\"_wpcf7_container_post\" value=\"0\" \/>\n<input type=\"hidden\" name=\"_wpcf7_posted_data_hash\" value=\"\" \/>\n<\/div>\n<div class=\"row\">\n<div class=\"input-filled col-lg-6 col-md-6\"><label>Ad\u0131n\u0131z Soyad\u0131n\u0131z *<br \/>\n<\/label><span class=\"wpcf7-form-control-wrap\" data-name=\"adiniz-soyadiniz\"><input type=\"text\" name=\"adiniz-soyadiniz\" value=\"\" size=\"40\" class=\"wpcf7-form-control wpcf7-text wpcf7-validates-as-required\" aria-required=\"true\" aria-invalid=\"false\" placeholder=\"Ad\u0131n\u0131z Soyad\u0131n\u0131z\" \/><\/span><\/div>\n<div class=\"input-filled col-lg-6 col-md-6\"><label>T.C. Kimlik Numaran\u0131z*<\/label><span class=\"wpcf7-form-control-wrap\" data-name=\"tc-kimlik-no\"><input type=\"number\" name=\"tc-kimlik-no\" value=\"\" class=\"wpcf7-form-control wpcf7-number wpcf7-validates-as-required wpcf7-validates-as-number\" aria-required=\"true\" aria-invalid=\"false\" placeholder=\"11111111111\" \/><\/span><\/div>\n<\/div>\n<div class=\"row\">\n<div class=\"input-filled col-lg-6 col-md-6\"><label>E-Posta*<br \/>\n<\/label><span class=\"wpcf7-form-control-wrap\" data-name=\"e-posta\"><input type=\"email\" name=\"e-posta\" value=\"\" size=\"40\" class=\"wpcf7-form-control wpcf7-text wpcf7-email wpcf7-validates-as-required wpcf7-validates-as-email\" aria-required=\"true\" aria-invalid=\"false\" placeholder=\"example@example.com\" \/><\/span><\/div>\n<div class=\"input-filled col-lg-6 col-md-6\"><label>Telefon Numaran\u0131z*<\/label><span class=\"wpcf7-form-control-wrap\" data-name=\"telefon-numarasi\"><input type=\"tel\" name=\"telefon-numarasi\" value=\"\" size=\"40\" class=\"wpcf7-form-control wpcf7-text wpcf7-tel wpcf7-validates-as-required wpcf7-validates-as-tel\" aria-required=\"true\" aria-invalid=\"false\" placeholder=\"05xx xxx xx xx\" \/><\/span><\/div>\n<\/div>\n<div class=\"row\">\n<div class=\"input-filled col-12\"><button type=\"submit\" class=\"wpcf7-submit btn btn-size-default\"><i class=\"fac fac-cloud-upload-alt space-right\"><\/i>Teklif Al<\/button><\/div>\n<\/div>\n<div class=\"wpcf7-response-output\" aria-hidden=\"true\"><\/div><\/form><\/div>        <\/div>\r\n    <\/div>\r\n\t\t<\/div>\n\t\t\t\t<\/div>\n\t\t\t\t<div class=\"elementor-element elementor-element-54827e62 elementor-widget elementor-widget-ct_heading\" data-id=\"54827e62\" data-element_type=\"widget\" data-widget_type=\"ct_heading.default\">\n\t\t\t\t<div class=\"elementor-widget-container\">\n\t\t\t<div class=\"ct-heading ct-heading-default h-align-center \" data-wow-duration=\"1.2s\">\r\n\t\t\t<div class=\"item--sub-title style-default\">\r\n            <span>Rasel Sigorta<\/span>\r\n        <\/div>\r\n\t        <h3 class=\"item--title\">\r\n                \u00c7\u00f6z\u00fcm <cite>Ortaklar\u0131m\u0131z<\/cite>     <\/h3>\r\n<\/div>\t\t<\/div>\n\t\t\t\t<\/div>\n\t\t\t\t<div class=\"elementor-element elementor-element-fc895e0 elementor-widget elementor-widget-ct_client_carousel\" data-id=\"fc895e0\" data-element_type=\"widget\" data-widget_type=\"ct_client_carousel.default\">\n\t\t\t\t<div class=\"elementor-widget-container\">\n\t\t\t    <div class=\"ct-client1 ct-slick-slider style2\">\r\n        <div class=\"ct-clients-list-inner\">\r\n            <div class=\"ct-slick-carousel\" data-arrows=\"\" data-dots=\"\" data-pauseOnHover=\"true\" data-autoplay=\"true\" data-autoplaySpeed=\"1000\" data-infinite=\"true\" data-speed=\"6000\" data-colxs=\"2\" data-colsm=\"3\" data-colmd=\"3\" data-collg=\"4\" data-colxl=\"6\" data-dir=\"false\" data-slidesToScroll=\"1\">\r\n                                        <div class=\"slick-slide\">\r\n                            <div class=\"client-image \">\r\n                                <a href=\"#\"><img decoding=\"async\" width=\"138\" height=\"70\" src=\"http:\/\/gencbilgiislem.com\/sigorta\/wp-content\/uploads\/2022\/10\/anadolusigorta.png\" class=\"attachment-full\" alt=\"\" \/><\/a>\r\n                            <\/div>\r\n                        <\/div>\r\n                                                            <div class=\"slick-slide\">\r\n                            <div class=\"client-image \">\r\n                                <a href=\"#\"><img decoding=\"async\" width=\"135\" height=\"38\" src=\"http:\/\/gencbilgiislem.com\/sigorta\/wp-content\/uploads\/2022\/10\/aksigorta.png\" class=\"attachment-full\" alt=\"\" \/><\/a>\r\n                            <\/div>\r\n                        <\/div>\r\n                                                            <div class=\"slick-slide\">\r\n                            <div class=\"client-image \">\r\n                                <a href=\"#\"><img decoding=\"async\" width=\"77\" height=\"44\" src=\"http:\/\/gencbilgiislem.com\/sigorta\/wp-content\/uploads\/2022\/10\/HdiSigorta.png\" class=\"attachment-full\" alt=\"\" \/><\/a>\r\n                            <\/div>\r\n                        <\/div>\r\n                                                            <div class=\"slick-slide\">\r\n                            <div class=\"client-image \">\r\n                                <a href=\"#\"><img decoding=\"async\" width=\"168\" height=\"84\" src=\"http:\/\/gencbilgiislem.com\/sigorta\/wp-content\/uploads\/2022\/10\/logo1.png\" class=\"attachment-full\" alt=\"\" \/><\/a>\r\n                            <\/div>\r\n                        <\/div>\r\n                                                            <div class=\"slick-slide\">\r\n                            <div class=\"client-image \">\r\n                                <a href=\"#\"><img decoding=\"async\" width=\"178\" height=\"35\" src=\"http:\/\/gencbilgiislem.com\/sigorta\/wp-content\/uploads\/2022\/10\/madgelogo.png\" class=\"attachment-full\" alt=\"\" \/><\/a>\r\n                            <\/div>\r\n                        <\/div>\r\n                                                            <div class=\"slick-slide\">\r\n                            <div class=\"client-image \">\r\n                                <a href=\"#\"><img decoding=\"async\" width=\"122\" height=\"68\" src=\"http:\/\/gencbilgiislem.com\/sigorta\/wp-content\/uploads\/2022\/10\/RaySigorta.png\" class=\"attachment-full\" alt=\"\" \/><\/a>\r\n                            <\/div>\r\n                        <\/div>\r\n                                                            <div class=\"slick-slide\">\r\n                            <div class=\"client-image \">\r\n                                <a href=\"#\"><img decoding=\"async\" width=\"173\" height=\"37\" src=\"http:\/\/gencbilgiislem.com\/sigorta\/wp-content\/uploads\/2022\/10\/TurkiyeSigorta.png\" class=\"attachment-full\" alt=\"\" \/><\/a>\r\n                            <\/div>\r\n                        <\/div>\r\n                                                            <div class=\"slick-slide\">\r\n                            <div class=\"client-image \">\r\n                                <a href=\"#\"><img decoding=\"async\" width=\"140\" height=\"70\" src=\"http:\/\/gencbilgiislem.com\/sigorta\/wp-content\/uploads\/2022\/10\/unico.png\" class=\"attachment-full\" alt=\"\" \/><\/a>\r\n                            <\/div>\r\n                        <\/div>\r\n                                                            <div class=\"slick-slide\">\r\n                            <div class=\"client-image \">\r\n                                <a href=\"#\"><img decoding=\"async\" width=\"210\" height=\"60\" src=\"http:\/\/gencbilgiislem.com\/sigorta\/wp-content\/uploads\/2022\/10\/aveon.png\" class=\"attachment-full\" alt=\"\" \/><\/a>\r\n                            <\/div>\r\n                        <\/div>\r\n                                                            <div class=\"slick-slide\">\r\n                            <div class=\"client-image \">\r\n                                <a href=\"#\"><img decoding=\"async\" width=\"157\" height=\"50\" src=\"http:\/\/gencbilgiislem.com\/sigorta\/wp-content\/uploads\/2022\/10\/bereketlogo.png\" class=\"attachment-full\" alt=\"\" \/><\/a>\r\n                            <\/div>\r\n                        <\/div>\r\n                                                            <div class=\"slick-slide\">\r\n                            <div class=\"client-image \">\r\n                                <a href=\"#\"><img decoding=\"async\" width=\"138\" height=\"70\" src=\"http:\/\/gencbilgiislem.com\/sigorta\/wp-content\/uploads\/2022\/10\/dogusigorta.png\" class=\"attachment-full\" alt=\"\" \/><\/a>\r\n                            <\/div>\r\n                        <\/div>\r\n                                                <\/div>\r\n        <\/div>\r\n    <\/div>\r\n\t\t<\/div>\n\t\t\t\t<\/div>\n\t\t            <\/div>\n        <\/div>\n                            <\/div>\n        <\/section>\n        \t\t\t\t\t<\/div>\n\t\t","protected":false},"excerpt":{"rendered":"<p>Rasel Sigorta Sa\u011fl\u0131k Sigortas\u0131 Fiyat Teklifi Ad\u0131n\u0131z Soyad\u0131n\u0131z * T.C. Kimlik Numaran\u0131z* E-Posta* Telefon Numaran\u0131z* Teklif Al Rasel Sigorta \u00c7\u00f6z\u00fcm Ortaklar\u0131m\u0131z<\/p>\n","protected":false},"author":1,"featured_media":0,"parent":0,"menu_order":0,"comment_status":"closed","ping_status":"closed","template":"","meta":{"footnotes":""},"class_list":["post-4041","page","type-page","status-publish","hentry"],"_links":{"self":[{"href":"http:\/\/gencbilgiislem.com\/sigorta\/wp-json\/wp\/v2\/pages\/4041","targetHints":{"allow":["GET"]}}],"collection":[{"href":"http:\/\/gencbilgiislem.com\/sigorta\/wp-json\/wp\/v2\/pages"}],"about":[{"href":"http:\/\/gencbilgiislem.com\/sigorta\/wp-json\/wp\/v2\/types\/page"}],"author":[{"embeddable":true,"href":"http:\/\/gencbilgiislem.com\/sigorta\/wp-json\/wp\/v2\/users\/1"}],"replies":[{"embeddable":true,"href":"http:\/\/gencbilgiislem.com\/sigorta\/wp-json\/wp\/v2\/comments?post=4041"}],"version-history":[{"count":7,"href":"http:\/\/gencbilgiislem.com\/sigorta\/wp-json\/wp\/v2\/pages\/4041\/revisions"}],"predecessor-version":[{"id":4065,"href":"http:\/\/gencbilgiislem.com\/sigorta\/wp-json\/wp\/v2\/pages\/4041\/revisions\/4065"}],"wp:attachment":[{"href":"http:\/\/gencbilgiislem.com\/sigorta\/wp-json\/wp\/v2\/media?parent=4041"}],"curies":[{"name":"wp","href":"https:\/\/api.w.org\/{rel}","templated":true}]}}