{"id":221,"date":"2020-03-04T11:27:16","date_gmt":"2020-03-04T11:27:16","guid":{"rendered":"https:\/\/demo.casethemes.net\/alico\/?page_id=221"},"modified":"2020-03-04T11:27:16","modified_gmt":"2020-03-04T11:27:16","slug":"insurance","status":"publish","type":"page","link":"http:\/\/gencbilgiislem.com\/sigorta\/insurance\/","title":{"rendered":"Insurance"},"content":{"rendered":"\t\t<div data-elementor-type=\"wp-page\" data-elementor-id=\"221\" class=\"elementor elementor-221\">\n\t\t\t\t\t\t\t        <section class=\"elementor-section elementor-inner-section elementor-element elementor-element-33957530 elementor-section-content-middle elementor-section-boxed elementor-section-height-default elementor-section-height-default\" data-id=\"33957530\" data-element_type=\"section\">\n            \n                        <div class=\"elementor-container elementor-column-gap-extended \">\n                    <div class=\"elementor-column elementor-col-50 elementor-inner-column elementor-element elementor-element-159aeae2\" data-id=\"159aeae2\" data-element_type=\"column\">\n            <div class=\"elementor-widget-wrap elementor-element-populated\">\n                        \t\t<div class=\"elementor-element elementor-element-1b8b3061 elementor-widget elementor-widget-ct_heading\" data-id=\"1b8b3061\" data-element_type=\"widget\" data-widget_type=\"ct_heading.default\">\n\t\t\t\t<div class=\"elementor-widget-container\">\n\t\t\t<div class=\"ct-heading ct-heading-dot h-align- \" data-wow-duration=\"1.2s\">\r\n\t\t\t<div class=\"item--sub-title style-default\">\r\n            <span>Featured services<\/span>\r\n        <\/div>\r\n\t        <h3 class=\"item--title\">\r\n                    <i class=\"dot-shape\">\r\n                <i><\/i>\r\n                <i><\/i>\r\n                <i><\/i>\r\n                <i><\/i>\r\n                <i><\/i>\r\n                <i><\/i>\r\n            <\/i>\r\n                The fields on which we have given  our servies.    <\/h3>\r\n<\/div>\t\t<\/div>\n\t\t\t\t<\/div>\n\t\t            <\/div>\n        <\/div>\n                <div class=\"elementor-column elementor-col-50 elementor-inner-column elementor-element elementor-element-49a5c6b6\" data-id=\"49a5c6b6\" data-element_type=\"column\">\n            <div class=\"elementor-widget-wrap elementor-element-populated\">\n                        \t\t<div class=\"elementor-element elementor-element-786d1a5a elementor-widget elementor-widget-ct_text_editor\" data-id=\"786d1a5a\" data-element_type=\"widget\" data-widget_type=\"ct_text_editor.default\">\n\t\t\t\t<div class=\"elementor-widget-container\">\n\t\t\t<div id=\"ct_text_editor-786d1a5a\" class=\"ct-text-editor \">\n\t<div class=\"ct-inline-css\"  data-css=\"\n        \">\n    <\/div>\n\t<div class=\"ct-text-editor elementor-clearfix\">To provide <b>consultancy for preparing of all sorts<\/b> of corporate law and any other services as the company may think fit and proper.  <b>Insurance policies<\/b> provide protection to your life and based on the differences in policies it also gives you the opportunity to save money as well. <\/div>\n<\/div>\t\t<\/div>\n\t\t\t\t<\/div>\n\t\t            <\/div>\n        <\/div>\n                            <\/div>\n        <\/section>\n                <section class=\"elementor-section elementor-top-section elementor-element elementor-element-4bd8ab4 elementor-section-boxed elementor-section-height-default elementor-section-height-default\" data-id=\"4bd8ab4\" data-element_type=\"section\">\n            \n                        <div class=\"elementor-container elementor-column-gap-extended \">\n                    <div class=\"elementor-column elementor-col-100 elementor-top-column elementor-element elementor-element-c8b0dfd\" data-id=\"c8b0dfd\" data-element_type=\"column\">\n            <div class=\"elementor-widget-wrap elementor-element-populated\">\n                        \t\t<div class=\"elementor-element elementor-element-bd9fa29 elementor-widget elementor-widget-ct_service_grid\" data-id=\"bd9fa29\" data-element_type=\"widget\" data-widget_type=\"ct_service_grid.default\">\n\t\t\t\t<div class=\"elementor-widget-container\">\n\t\t\t\r\n<div id=\"ct_service_grid-bd9fa29\" class=\"ct-grid ct-service-grid1\" data-layout=\"masonry\" data-start-page=\"1\" data-max-pages=\"3\" data-total=\"17\" data-perpage=\"8\" data-next-link=\"http:\/\/gencbilgiislem.com\/sigorta\/wp-json\/wp\/v2\/pages\/221\/page\/2\/\">\r\n    <div class=\"ct-grid-overlay\"><\/div>\r\n    \r\n    <div class=\"ct-grid-inner ct-grid-masonry row animate-time\" data-gutter=\"15\">\r\n                        <div class=\"grid-item col-xl-3 col-lg-3 col-md-6 col-sm-6 col-12 \">\r\n                    <div class=\"grid-item-inner \" data-wow-duration=\"1.2s\">\r\n                                                    <div class=\"item--featured\">\r\n                                <a href=\"http:\/\/gencbilgiislem.com\/sigorta\/service\/nakliyat-emtea-sigortasi\/\"><img decoding=\"async\" class=\"\" src=\"http:\/\/gencbilgiislem.com\/sigorta\/wp-content\/uploads\/2022\/10\/rasel-sigorta-nakliyat-sigortasi-480x231.png\" width=\"480\" height=\"231\" alt=\"rasel-sigorta-nakliyat-sigortasi\" title=\"rasel-sigorta-nakliyat-sigortasi\" \/><\/a>\r\n                            <\/div>\r\n                                                <div class=\"item--holder\">\r\n                                                            <h3 class=\"item--title\"><a href=\"http:\/\/gencbilgiislem.com\/sigorta\/service\/nakliyat-emtea-sigortasi\/\">Nakliyat Emtea Sigortas\u0131<\/a><\/h3>\r\n                                                                                    <div class=\"item--readmore ft-h\">\r\n                                <a href=\"http:\/\/gencbilgiislem.com\/sigorta\/service\/nakliyat-emtea-sigortasi\/\">+<\/a>\r\n                            <\/div>\r\n                        <\/div>\r\n                    <\/div>\r\n                <\/div>\r\n                            <div class=\"grid-item col-xl-3 col-lg-3 col-md-6 col-sm-6 col-12 \">\r\n                    <div class=\"grid-item-inner \" data-wow-duration=\"1.2s\">\r\n                                                    <div class=\"item--featured\">\r\n                                <a href=\"http:\/\/gencbilgiislem.com\/sigorta\/service\/ferdi-kaza-sigortasi\/\"><img decoding=\"async\" class=\"\" src=\"http:\/\/gencbilgiislem.com\/sigorta\/wp-content\/uploads\/2022\/10\/rasel-sigorta-ferdi-kaza-sigortasi-480x231.png\" width=\"480\" height=\"231\" alt=\"rasel-sigorta-ferdi-kaza-sigortasi\" title=\"rasel-sigorta-ferdi-kaza-sigortasi\" \/><\/a>\r\n                            <\/div>\r\n                                                <div class=\"item--holder\">\r\n                                                            <h3 class=\"item--title\"><a href=\"http:\/\/gencbilgiislem.com\/sigorta\/service\/ferdi-kaza-sigortasi\/\">Ferdi Kaza Sigortas\u0131<\/a><\/h3>\r\n                                                                                    <div class=\"item--readmore ft-h\">\r\n                                <a href=\"http:\/\/gencbilgiislem.com\/sigorta\/service\/ferdi-kaza-sigortasi\/\">+<\/a>\r\n                            <\/div>\r\n                        <\/div>\r\n                    <\/div>\r\n                <\/div>\r\n                            <div class=\"grid-item col-xl-3 col-lg-3 col-md-6 col-sm-6 col-12 \">\r\n                    <div class=\"grid-item-inner \" data-wow-duration=\"1.2s\">\r\n                                                    <div class=\"item--featured\">\r\n                                <a href=\"http:\/\/gencbilgiislem.com\/sigorta\/service\/is-yeri-sigortasi\/\"><img decoding=\"async\" class=\"\" src=\"http:\/\/gencbilgiislem.com\/sigorta\/wp-content\/uploads\/2022\/10\/rasel-sigorta-isyeri-sigortasi-480x231.png\" width=\"480\" height=\"231\" alt=\"rasel-sigorta-isyeri-sigortasi\" title=\"rasel-sigorta-isyeri-sigortasi\" \/><\/a>\r\n                            <\/div>\r\n                                                <div class=\"item--holder\">\r\n                                                            <h3 class=\"item--title\"><a href=\"http:\/\/gencbilgiislem.com\/sigorta\/service\/is-yeri-sigortasi\/\">\u0130\u015f Yeri Sigortas\u0131<\/a><\/h3>\r\n                                                                                    <div class=\"item--readmore ft-h\">\r\n                                <a href=\"http:\/\/gencbilgiislem.com\/sigorta\/service\/is-yeri-sigortasi\/\">+<\/a>\r\n                            <\/div>\r\n                        <\/div>\r\n                    <\/div>\r\n                <\/div>\r\n                            <div class=\"grid-item col-xl-3 col-lg-3 col-md-6 col-sm-6 col-12 \">\r\n                    <div class=\"grid-item-inner \" data-wow-duration=\"1.2s\">\r\n                                                    <div class=\"item--featured\">\r\n                                <a href=\"http:\/\/gencbilgiislem.com\/sigorta\/service\/seyahat-saglik-sigortasi\/\"><img decoding=\"async\" class=\"\" src=\"http:\/\/gencbilgiislem.com\/sigorta\/wp-content\/uploads\/2022\/10\/rasel-sigorta-nakliyat-sigortasi-480x231.png\" width=\"480\" height=\"231\" alt=\"rasel-sigorta-nakliyat-sigortasi\" title=\"rasel-sigorta-nakliyat-sigortasi\" \/><\/a>\r\n                            <\/div>\r\n                                                <div class=\"item--holder\">\r\n                                                            <h3 class=\"item--title\"><a href=\"http:\/\/gencbilgiislem.com\/sigorta\/service\/seyahat-saglik-sigortasi\/\">Seyahat Sa\u011fl\u0131k Sigortas\u0131<\/a><\/h3>\r\n                                                                                    <div class=\"item--readmore ft-h\">\r\n                                <a href=\"http:\/\/gencbilgiislem.com\/sigorta\/service\/seyahat-saglik-sigortasi\/\">+<\/a>\r\n                            <\/div>\r\n                        <\/div>\r\n                    <\/div>\r\n                <\/div>\r\n                            <div class=\"grid-item col-xl-3 col-lg-3 col-md-6 col-sm-6 col-12 \">\r\n                    <div class=\"grid-item-inner \" data-wow-duration=\"1.2s\">\r\n                                                    <div class=\"item--featured\">\r\n                                <a href=\"http:\/\/gencbilgiislem.com\/sigorta\/service\/bireysel-emeklilik-sigortasi\/\"><img decoding=\"async\" class=\"\" src=\"http:\/\/gencbilgiislem.com\/sigorta\/wp-content\/uploads\/2022\/10\/rasel-sigorta-bes-sigortasi-480x231.png\" width=\"480\" height=\"231\" alt=\"rasel-sigorta-bes-sigortasi\" title=\"rasel-sigorta-bes-sigortasi\" \/><\/a>\r\n                            <\/div>\r\n                                                <div class=\"item--holder\">\r\n                                                            <h3 class=\"item--title\"><a href=\"http:\/\/gencbilgiislem.com\/sigorta\/service\/bireysel-emeklilik-sigortasi\/\">Bireysel Emeklilik Sigortas\u0131<\/a><\/h3>\r\n                                                                                    <div class=\"item--readmore ft-h\">\r\n                                <a href=\"http:\/\/gencbilgiislem.com\/sigorta\/service\/bireysel-emeklilik-sigortasi\/\">+<\/a>\r\n                            <\/div>\r\n                        <\/div>\r\n                    <\/div>\r\n                <\/div>\r\n                            <div class=\"grid-item col-xl-3 col-lg-3 col-md-6 col-sm-6 col-12 \">\r\n                    <div class=\"grid-item-inner \" data-wow-duration=\"1.2s\">\r\n                                                    <div class=\"item--featured\">\r\n                                <a href=\"http:\/\/gencbilgiislem.com\/sigorta\/service\/tamamlayici-saglik-sigortasi\/\"><img decoding=\"async\" class=\"\" src=\"http:\/\/gencbilgiislem.com\/sigorta\/wp-content\/uploads\/2022\/10\/rasel-sigorta-tamamlayici-saglik-sigortasi-480x231.png\" width=\"480\" height=\"231\" alt=\"rasel-sigorta-tamamlayici-saglik-sigortasi\" title=\"rasel-sigorta-tamamlayici-saglik-sigortasi\" \/><\/a>\r\n                            <\/div>\r\n                                                <div class=\"item--holder\">\r\n                                                            <h3 class=\"item--title\"><a href=\"http:\/\/gencbilgiislem.com\/sigorta\/service\/tamamlayici-saglik-sigortasi\/\">Tamamlay\u0131c\u0131 Sa\u011fl\u0131k Sigortas\u0131<\/a><\/h3>\r\n                                                                                    <div class=\"item--readmore ft-h\">\r\n                                <a href=\"http:\/\/gencbilgiislem.com\/sigorta\/service\/tamamlayici-saglik-sigortasi\/\">+<\/a>\r\n                            <\/div>\r\n                        <\/div>\r\n                    <\/div>\r\n                <\/div>\r\n                            <div class=\"grid-item col-xl-3 col-lg-3 col-md-6 col-sm-6 col-12 \">\r\n                    <div class=\"grid-item-inner \" data-wow-duration=\"1.2s\">\r\n                                                    <div class=\"item--featured\">\r\n                                <a href=\"http:\/\/gencbilgiislem.com\/sigorta\/service\/zorunlu-deprem-sigortasi-dask\/\"><img decoding=\"async\" class=\"\" src=\"http:\/\/gencbilgiislem.com\/sigorta\/wp-content\/uploads\/2022\/10\/rasel-sigorta-dask-sigortasi-480x231.png\" width=\"480\" height=\"231\" alt=\"rasel-sigorta-dask-sigortasi\" title=\"rasel-sigorta-dask-sigortasi\" \/><\/a>\r\n                            <\/div>\r\n                                                <div class=\"item--holder\">\r\n                                                            <h3 class=\"item--title\"><a href=\"http:\/\/gencbilgiislem.com\/sigorta\/service\/zorunlu-deprem-sigortasi-dask\/\">Zorunlu Deprem Sigortas\u0131 (DASK)<\/a><\/h3>\r\n                                                                                    <div class=\"item--readmore ft-h\">\r\n                                <a href=\"http:\/\/gencbilgiislem.com\/sigorta\/service\/zorunlu-deprem-sigortasi-dask\/\">+<\/a>\r\n                            <\/div>\r\n                        <\/div>\r\n                    <\/div>\r\n                <\/div>\r\n                            <div class=\"grid-item col-xl-3 col-lg-3 col-md-6 col-sm-6 col-12 \">\r\n                    <div class=\"grid-item-inner \" data-wow-duration=\"1.2s\">\r\n                                                    <div class=\"item--featured\">\r\n                                <a href=\"http:\/\/gencbilgiislem.com\/sigorta\/service\/kasko-sigortasi\/\"><img decoding=\"async\" class=\"\" src=\"http:\/\/gencbilgiislem.com\/sigorta\/wp-content\/uploads\/2022\/10\/kasko-sigortasi-480x231.png\" width=\"480\" height=\"231\" alt=\"kasko-sigortasi\" title=\"kasko-sigortasi\" \/><\/a>\r\n                            <\/div>\r\n                                                <div class=\"item--holder\">\r\n                                                            <h3 class=\"item--title\"><a href=\"http:\/\/gencbilgiislem.com\/sigorta\/service\/kasko-sigortasi\/\">Kasko Sigortas\u0131<\/a><\/h3>\r\n                                                                                    <div class=\"item--readmore ft-h\">\r\n                                <a href=\"http:\/\/gencbilgiislem.com\/sigorta\/service\/kasko-sigortasi\/\">+<\/a>\r\n                            <\/div>\r\n                        <\/div>\r\n                    <\/div>\r\n                <\/div>\r\n                                <div class=\"grid-sizer col-xl-3 col-lg-3 col-md-6 col-sm-6 col-12\"><\/div>\r\n            <\/div>\r\n        <\/div>\t\t<\/div>\n\t\t\t\t<\/div>\n\t\t            <\/div>\n        <\/div>\n                            <\/div>\n        <\/section>\n        \t\t\t\t\t<\/div>\n\t\t","protected":false},"excerpt":{"rendered":"<p>Featured services The fields on which we have given our servies. To provide consultancy for preparing of all sorts of corporate law and any other services as the company may think fit and proper. Insurance policies provide protection to your life and based on the differences in policies it also gives you the opportunity to [&hellip;]<\/p>\n","protected":false},"author":1,"featured_media":0,"parent":0,"menu_order":0,"comment_status":"closed","ping_status":"closed","template":"","meta":{"footnotes":""},"class_list":["post-221","page","type-page","status-publish","hentry"],"_links":{"self":[{"href":"http:\/\/gencbilgiislem.com\/sigorta\/wp-json\/wp\/v2\/pages\/221","targetHints":{"allow":["GET"]}}],"collection":[{"href":"http:\/\/gencbilgiislem.com\/sigorta\/wp-json\/wp\/v2\/pages"}],"about":[{"href":"http:\/\/gencbilgiislem.com\/sigorta\/wp-json\/wp\/v2\/types\/page"}],"author":[{"embeddable":true,"href":"http:\/\/gencbilgiislem.com\/sigorta\/wp-json\/wp\/v2\/users\/1"}],"replies":[{"embeddable":true,"href":"http:\/\/gencbilgiislem.com\/sigorta\/wp-json\/wp\/v2\/comments?post=221"}],"version-history":[{"count":0,"href":"http:\/\/gencbilgiislem.com\/sigorta\/wp-json\/wp\/v2\/pages\/221\/revisions"}],"wp:attachment":[{"href":"http:\/\/gencbilgiislem.com\/sigorta\/wp-json\/wp\/v2\/media?parent=221"}],"curies":[{"name":"wp","href":"https:\/\/api.w.org\/{rel}","templated":true}]}}