{"id":208,"date":"2020-03-04T11:24:54","date_gmt":"2020-03-04T11:24:54","guid":{"rendered":"https:\/\/demo.casethemes.net\/alico\/?page_id=208"},"modified":"2022-11-15T09:08:09","modified_gmt":"2022-11-15T06:08:09","slug":"kurumsal","status":"publish","type":"page","link":"http:\/\/gencbilgiislem.com\/sigorta\/kurumsal\/","title":{"rendered":"Kurumsal"},"content":{"rendered":"\t\t<div data-elementor-type=\"wp-page\" data-elementor-id=\"208\" class=\"elementor elementor-208\">\n\t\t\t\t\t\t\t        <section class=\"elementor-section elementor-top-section elementor-element elementor-element-8006597 elementor-section-boxed elementor-section-height-default elementor-section-height-default\" data-id=\"8006597\" data-element_type=\"section\">\n            \n                        <div class=\"elementor-container elementor-column-gap-default \">\n                    <div class=\"elementor-column elementor-col-50 elementor-top-column elementor-element elementor-element-2437d68\" data-id=\"2437d68\" data-element_type=\"column\">\n            <div class=\"elementor-widget-wrap elementor-element-populated\">\n                        \t\t<div class=\"elementor-element elementor-element-9c349bf elementor-widget elementor-widget-ct_heading\" data-id=\"9c349bf\" data-element_type=\"widget\" data-widget_type=\"ct_heading.default\">\n\t\t\t\t<div class=\"elementor-widget-container\">\n\t\t\t<div class=\"ct-heading ct-heading-dot h-align- \" data-wow-duration=\"1.2s\">\r\n\t\t\t<div class=\"item--sub-title style-default\">\r\n            <span>Rasel Sigorta<\/span>\r\n        <\/div>\r\n\t        <h3 class=\"item--title\">\r\n                    <i class=\"dot-shape\">\r\n                <i><\/i>\r\n                <i><\/i>\r\n                <i><\/i>\r\n                <i><\/i>\r\n                <i><\/i>\r\n                <i><\/i>\r\n            <\/i>\r\n                Hakk\u0131m\u0131zda    <\/h3>\r\n<\/div>\t\t<\/div>\n\t\t\t\t<\/div>\n\t\t\t\t<div class=\"elementor-element elementor-element-6c8de15 elementor-widget elementor-widget-ct_tabs\" data-id=\"6c8de15\" data-element_type=\"widget\" data-widget_type=\"ct_tabs.default\">\n\t\t\t\t<div class=\"elementor-widget-container\">\n\t\t\t<div class=\"ct-tabs ct-tabs--layout1 style2\">\n    <div class=\"ct-tabs-title\">\n                    <span class=\"ct-tab-title active\" data-target=\"#b83a1f8\">\n                <i aria-hidden=\"true\" class=\"flaticon flaticon-value\"><\/i>                                Vizyonumuz        \n            <\/span>\n                    <span class=\"ct-tab-title \" data-target=\"#1d51f3f\">\n                <i aria-hidden=\"true\" class=\"flaticon flaticon-start-button\"><\/i>                                Misyonumuz        \n            <\/span>\n                    <span class=\"ct-tab-title \" data-target=\"#1ee9db1\">\n                <i aria-hidden=\"true\" class=\"flaticon flaticon-target\"><\/i>                                Neden Rasel Sigorta        \n            <\/span>\n            <\/div>\n\n    <div class=\"ct-tabs-content\">\n                    <div class=\"ct-tab-content \" id=\"b83a1f8\" style=\"display:block;\">\t\t<div data-elementor-type=\"section\" data-elementor-id=\"2036\" class=\"elementor elementor-2036\">\n\t\t\t\t\t\t\t        <section class=\"elementor-section elementor-top-section elementor-element elementor-element-7ca02c2 elementor-section-boxed elementor-section-height-default elementor-section-height-default\" data-id=\"7ca02c2\" data-element_type=\"section\">\n            \n                        <div class=\"elementor-container elementor-column-gap-extended \">\n                    <div class=\"elementor-column elementor-col-50 elementor-top-column elementor-element elementor-element-03e1dcb\" data-id=\"03e1dcb\" data-element_type=\"column\">\n            <div class=\"elementor-widget-wrap elementor-element-populated\">\n                        \t\t<div class=\"elementor-element elementor-element-6cc3cf0 elementor-widget elementor-widget-image\" data-id=\"6cc3cf0\" data-element_type=\"widget\" data-widget_type=\"image.default\">\n\t\t\t\t<div class=\"elementor-widget-container\">\n\t\t\t<style>\/*! elementor - v3.7.8 - 02-10-2022 *\/\n.elementor-widget-image{text-align:center}.elementor-widget-image a{display:inline-block}.elementor-widget-image a img[src$=\".svg\"]{width:48px}.elementor-widget-image img{vertical-align:middle;display:inline-block}<\/style>\t\t\t\t\t\t\t\t\t\t\t\t<img decoding=\"async\" width=\"342\" height=\"352\" src=\"http:\/\/gencbilgiislem.com\/sigorta\/wp-content\/uploads\/2020\/03\/rasel-sigorta-Vizyon.png\" class=\"attachment-full size-full\" alt=\"\" srcset=\"http:\/\/gencbilgiislem.com\/sigorta\/wp-content\/uploads\/2020\/03\/rasel-sigorta-Vizyon.png 342w, http:\/\/gencbilgiislem.com\/sigorta\/wp-content\/uploads\/2020\/03\/rasel-sigorta-Vizyon-291x300.png 291w\" sizes=\"(max-width: 342px) 100vw, 342px\" \/>\t\t\t\t\t\t\t\t\t\t\t\t\t\t\t<\/div>\n\t\t\t\t<\/div>\n\t\t            <\/div>\n        <\/div>\n                <div class=\"elementor-column elementor-col-50 elementor-top-column elementor-element elementor-element-6dc6e83\" data-id=\"6dc6e83\" data-element_type=\"column\">\n            <div class=\"elementor-widget-wrap elementor-element-populated\">\n                        \t\t<div class=\"elementor-element elementor-element-dadd11f elementor-widget elementor-widget-ct_list\" data-id=\"dadd11f\" data-element_type=\"widget\" data-widget_type=\"ct_list.default\">\n\t\t\t\t<div class=\"elementor-widget-container\">\n\t\t\t    <div class=\"ct-list style1 \">\r\n                    <div class=\"ct-list-item\">\r\n            \t<div class=\"ct-list-icon\"><i class=\"ct-list-dot\"><\/i><\/div>\r\n            \t<div class=\"ct-list-meta\">\r\n\t            \t<div class=\"ct-list-desc\">\r\n\t            \t\tHayat\u0131n\u0131z\u0131n en de\u011ferli yat\u0131r\u0131mlar\u0131na gelebilecek zararlar\u0131n kar\u015f\u0131lamas\u0131na yard\u0131mc\u0131 olmak ve hayat\u0131n en beklenmedik kay\u0131plar\u0131ndan sizleri kurtarmak.\t            \t<\/div>\r\n\t            <\/div>\r\n           <\/div>\r\n            <\/div>\r\n\t\t<\/div>\n\t\t\t\t<\/div>\n\t\t            <\/div>\n        <\/div>\n                            <\/div>\n        <\/section>\n        \t\t\t\t\t<\/div>\n\t\t<\/div>\n                    <div class=\"ct-tab-content \" id=\"1d51f3f\">\t\t<div data-elementor-type=\"section\" data-elementor-id=\"2047\" class=\"elementor elementor-2047\">\n\t\t\t\t\t\t\t        <section class=\"elementor-section elementor-top-section elementor-element elementor-element-18d72619 elementor-section-boxed elementor-section-height-default elementor-section-height-default\" data-id=\"18d72619\" data-element_type=\"section\">\n            \n                        <div class=\"elementor-container elementor-column-gap-extended \">\n                    <div class=\"elementor-column elementor-col-50 elementor-top-column elementor-element elementor-element-b065298\" data-id=\"b065298\" data-element_type=\"column\">\n            <div class=\"elementor-widget-wrap elementor-element-populated\">\n                        \t\t<div class=\"elementor-element elementor-element-5320cba2 elementor-widget elementor-widget-image\" data-id=\"5320cba2\" data-element_type=\"widget\" data-widget_type=\"image.default\">\n\t\t\t\t<div class=\"elementor-widget-container\">\n\t\t\t\t\t\t\t\t\t\t\t\t\t\t\t<img decoding=\"async\" width=\"291\" height=\"300\" src=\"http:\/\/gencbilgiislem.com\/sigorta\/wp-content\/uploads\/2020\/03\/rasel-sigorta-misyon-1-291x300.png\" class=\"attachment-medium size-medium\" alt=\"\" srcset=\"http:\/\/gencbilgiislem.com\/sigorta\/wp-content\/uploads\/2020\/03\/rasel-sigorta-misyon-1-291x300.png 291w, http:\/\/gencbilgiislem.com\/sigorta\/wp-content\/uploads\/2020\/03\/rasel-sigorta-misyon-1.png 342w\" sizes=\"(max-width: 291px) 100vw, 291px\" \/>\t\t\t\t\t\t\t\t\t\t\t\t\t\t\t<\/div>\n\t\t\t\t<\/div>\n\t\t            <\/div>\n        <\/div>\n                <div class=\"elementor-column elementor-col-50 elementor-top-column elementor-element elementor-element-6670b81\" data-id=\"6670b81\" data-element_type=\"column\">\n            <div class=\"elementor-widget-wrap elementor-element-populated\">\n                        \t\t<div class=\"elementor-element elementor-element-5b8f6f65 elementor-widget elementor-widget-ct_list\" data-id=\"5b8f6f65\" data-element_type=\"widget\" data-widget_type=\"ct_list.default\">\n\t\t\t\t<div class=\"elementor-widget-container\">\n\t\t\t    <div class=\"ct-list style1 \">\r\n                    <div class=\"ct-list-item\">\r\n            \t<div class=\"ct-list-icon\"><i class=\"ct-list-dot\"><\/i><\/div>\r\n            \t<div class=\"ct-list-meta\">\r\n\t            \t<div class=\"ct-list-desc\">\r\n\t            \t\tEkonomik ve iyi teminatl\u0131 bir sigorta poli\u00e7eniz hakk\u0131nda pratik, basit ve anla\u015f\u0131labilir do\u011fru bilgileri sizlere ula\u015ft\u0131rmak.\t            \t<\/div>\r\n\t            <\/div>\r\n           <\/div>\r\n            <\/div>\r\n\t\t<\/div>\n\t\t\t\t<\/div>\n\t\t            <\/div>\n        <\/div>\n                            <\/div>\n        <\/section>\n        \t\t\t\t\t<\/div>\n\t\t<\/div>\n                    <div class=\"ct-tab-content \" id=\"1ee9db1\">\t\t<div data-elementor-type=\"section\" data-elementor-id=\"2050\" class=\"elementor elementor-2050\">\n\t\t\t\t\t\t\t        <section class=\"elementor-section elementor-top-section elementor-element elementor-element-cb46e73 elementor-section-boxed elementor-section-height-default elementor-section-height-default\" data-id=\"cb46e73\" data-element_type=\"section\">\n            \n                        <div class=\"elementor-container elementor-column-gap-extended \">\n                    <div class=\"elementor-column elementor-col-50 elementor-top-column elementor-element elementor-element-3fc3c242\" data-id=\"3fc3c242\" data-element_type=\"column\">\n            <div class=\"elementor-widget-wrap elementor-element-populated\">\n                        \t\t<div class=\"elementor-element elementor-element-46cb4a7a elementor-widget elementor-widget-image\" data-id=\"46cb4a7a\" data-element_type=\"widget\" data-widget_type=\"image.default\">\n\t\t\t\t<div class=\"elementor-widget-container\">\n\t\t\t\t\t\t\t\t\t\t\t\t\t\t\t<img decoding=\"async\" src=\"http:\/\/gencbilgiislem.com\/sigorta\/wp-content\/uploads\/2020\/03\/theme-01.jpg\" title=\"\" alt=\"\" \/>\t\t\t\t\t\t\t\t\t\t\t\t\t\t\t<\/div>\n\t\t\t\t<\/div>\n\t\t            <\/div>\n        <\/div>\n                <div class=\"elementor-column elementor-col-50 elementor-top-column elementor-element elementor-element-55a3bf2c\" data-id=\"55a3bf2c\" data-element_type=\"column\">\n            <div class=\"elementor-widget-wrap elementor-element-populated\">\n                        \t\t<div class=\"elementor-element elementor-element-6e4618ef elementor-widget elementor-widget-ct_list\" data-id=\"6e4618ef\" data-element_type=\"widget\" data-widget_type=\"ct_list.default\">\n\t\t\t\t<div class=\"elementor-widget-container\">\n\t\t\t    <div class=\"ct-list style2 \">\r\n                    <div class=\"ct-list-item\">\r\n            \t<div class=\"ct-list-icon\"><i class=\"ct-list-dot\"><\/i><\/div>\r\n            \t<div class=\"ct-list-meta\">\r\n\t            \t<div class=\"ct-list-desc\">\r\n\t            \t\tTeamwork\t            \t<\/div>\r\n\t            <\/div>\r\n           <\/div>\r\n                    <div class=\"ct-list-item\">\r\n            \t<div class=\"ct-list-icon\"><i class=\"ct-list-dot\"><\/i><\/div>\r\n            \t<div class=\"ct-list-meta\">\r\n\t            \t<div class=\"ct-list-desc\">\r\n\t            \t\tRespect for all people\t            \t<\/div>\r\n\t            <\/div>\r\n           <\/div>\r\n                    <div class=\"ct-list-item\">\r\n            \t<div class=\"ct-list-icon\"><i class=\"ct-list-dot\"><\/i><\/div>\r\n            \t<div class=\"ct-list-meta\">\r\n\t            \t<div class=\"ct-list-desc\">\r\n\t            \t\tUnquestionable integrity\t            \t<\/div>\r\n\t            <\/div>\r\n           <\/div>\r\n                    <div class=\"ct-list-item\">\r\n            \t<div class=\"ct-list-icon\"><i class=\"ct-list-dot\"><\/i><\/div>\r\n            \t<div class=\"ct-list-meta\">\r\n\t            \t<div class=\"ct-list-desc\">\r\n\t            \t\tExcellence in everything we do\t            \t<\/div>\r\n\t            <\/div>\r\n           <\/div>\r\n                    <div class=\"ct-list-item\">\r\n            \t<div class=\"ct-list-icon\"><i class=\"ct-list-dot\"><\/i><\/div>\r\n            \t<div class=\"ct-list-meta\">\r\n\t            \t<div class=\"ct-list-desc\">\r\n\t            \t\tSpeed in servicing\t            \t<\/div>\r\n\t            <\/div>\r\n           <\/div>\r\n                    <div class=\"ct-list-item\">\r\n            \t<div class=\"ct-list-icon\"><i class=\"ct-list-dot\"><\/i><\/div>\r\n            \t<div class=\"ct-list-meta\">\r\n\t            \t<div class=\"ct-list-desc\">\r\n\t            \t\tTruthfulness.\t            \t<\/div>\r\n\t            <\/div>\r\n           <\/div>\r\n            <\/div>\r\n\t\t<\/div>\n\t\t\t\t<\/div>\n\t\t            <\/div>\n        <\/div>\n                            <\/div>\n        <\/section>\n        \t\t\t\t\t<\/div>\n\t\t<\/div>\n            <\/div>\n<\/div>\t\t<\/div>\n\t\t\t\t<\/div>\n\t\t            <\/div>\n        <\/div>\n                <div class=\"elementor-column elementor-col-50 elementor-top-column elementor-element elementor-element-ab06440\" data-id=\"ab06440\" data-element_type=\"column\">\n            <div class=\"elementor-widget-wrap elementor-element-populated\">\n                        \t\t<div class=\"elementor-element elementor-element-fb72c8e elementor-widget elementor-widget-ct_image\" data-id=\"fb72c8e\" data-element_type=\"widget\" data-widget_type=\"ct_image.default\">\n\t\t\t\t<div class=\"elementor-widget-container\">\n\t\t\t<div class=\"ct-image-single \" data-wow-duration=\"1.2s\" data-wow-delay=\"ms\">\r\n                        <img decoding=\"async\" width=\"530\" height=\"392\" src=\"http:\/\/gencbilgiislem.com\/sigorta\/wp-content\/uploads\/2020\/03\/about1.png\" class=\"attachment-full\" alt=\"\" \/>            <\/div>\t\t<\/div>\n\t\t\t\t<\/div>\n\t\t\t\t<div class=\"elementor-element elementor-element-452de9f elementor-widget elementor-widget-ct_text_editor\" data-id=\"452de9f\" data-element_type=\"widget\" data-widget_type=\"ct_text_editor.default\">\n\t\t\t\t<div class=\"elementor-widget-container\">\n\t\t\t<div id=\"ct_text_editor-452de9f\" class=\"ct-text-editor \">\n\t<div class=\"ct-inline-css\"  data-css=\"\n        \">\n    <\/div>\n\t<div class=\"ct-text-editor elementor-clearfix\"><p>2007 y\u0131l\u0131nda sekt\u00f6re ad\u0131m atan Rasel Sigorta, ihtiyac\u0131n\u0131z olan t\u00fcm ki\u015fisel ve i\u015f sigortalar\u0131 bran\u015flar\u0131nda size \u00fcr\u00fcn ve hizmetlerini sunan ba\u011f\u0131ms\u0131z bir sigorta acentesidir. Takip eden y\u0131llarda, sigortal\u0131lar\u0131n de\u011fi\u015fen ihtiya\u00e7lar\u0131n\u0131 kar\u015f\u0131lamak i\u00e7in b\u00fcy\u00fcd\u00fck ve adapte olduk. Arac\u0131n\u0131z\u0131, evinizi, sa\u011fl\u0131\u011f\u0131n\u0131z\u0131, i\u015finizi ve gelece\u011finize y\u00f6nelik ihtiyac\u0131n\u0131z olan t\u00fcm hizmetleri size sunmaktan gurur duyuyoruz. Hizmet verme ayr\u0131cal\u0131\u011f\u0131na sahip oldu\u011fumuz m\u00fc\u015fterilere lider \u00fcr\u00fcnler ve birinci s\u0131n\u0131f hizmetler sunmak i\u00e7in kurucu ideallerimizi s\u00fcrd\u00fcrme kararl\u0131l\u0131\u011f\u0131m\u0131z her ge\u00e7en g\u00fcn artarak devam etmektedir. M\u00fc\u015fterilerimize olan ba\u011fl\u0131\u011f\u0131m\u0131z, onlar\u0131n sigorta ihtiya\u00e7lar\u0131n\u0131 kar\u015f\u0131lamak i\u00e7in yapt\u0131\u011f\u0131m\u0131z \u00e7al\u0131\u015fmalarda \u00f6ncelik hedefimiz olarak \u00f6n plana \u00e7\u0131kmaktad\u0131r. Lider sigorta acentesi ile \u00e7al\u0131\u015fmak isterseniz, bizleri ziyaret etmeniz ve ula\u015fman\u0131z yeterli olacakt\u0131r. Size m\u00fcmk\u00fcn olan en iyi fiyatlar\u0131 ve kaliteli hizmetleri vermeyi tahahh\u00fct ediyoruz.<\/p><\/div>\n<\/div>\t\t<\/div>\n\t\t\t\t<\/div>\n\t\t            <\/div>\n        <\/div>\n                            <\/div>\n        <\/section>\n                <section class=\"elementor-section elementor-top-section elementor-element elementor-element-3ba6270 elementor-section-full_width elementor-section-stretched elementor-section-height-default elementor-section-height-default\" data-id=\"3ba6270\" data-element_type=\"section\" data-settings=\"{&quot;stretch_section&quot;:&quot;section-stretched&quot;}\">\n            \n                        <div class=\"elementor-container elementor-column-gap-default \">\n                    <div class=\"elementor-column elementor-col-100 elementor-top-column elementor-element elementor-element-4e33e48\" data-id=\"4e33e48\" data-element_type=\"column\">\n            <div class=\"elementor-widget-wrap elementor-element-populated\">\n                        \t\t<div class=\"elementor-element elementor-element-a7762fa elementor-widget elementor-widget-ct_heading\" data-id=\"a7762fa\" data-element_type=\"widget\" data-widget_type=\"ct_heading.default\">\n\t\t\t\t<div class=\"elementor-widget-container\">\n\t\t\t<div class=\"ct-heading ct-heading-default h-align-center \" data-wow-duration=\"1.2s\">\r\n\t\t\t<div class=\"item--sub-title style-default\">\r\n            <span>Rasel Sigorta<\/span>\r\n        <\/div>\r\n\t        <h3 class=\"item--title\">\r\n                \u00c7\u00f6z\u00fcm  <cite>Ortaklar\u0131m\u0131z<\/cite>     <\/h3>\r\n<\/div>\t\t<\/div>\n\t\t\t\t<\/div>\n\t\t\t\t<div class=\"elementor-element elementor-element-c8031c4 elementor-widget elementor-widget-ct_client_carousel\" data-id=\"c8031c4\" data-element_type=\"widget\" data-widget_type=\"ct_client_carousel.default\">\n\t\t\t\t<div class=\"elementor-widget-container\">\n\t\t\t    <div class=\"ct-client1 ct-slick-slider style2\">\r\n        <div class=\"ct-clients-list-inner\">\r\n            <div class=\"ct-slick-carousel\" data-arrows=\"\" data-dots=\"\" data-pauseOnHover=\"true\" data-autoplay=\"true\" data-autoplaySpeed=\"1000\" data-infinite=\"true\" data-speed=\"6000\" data-colxs=\"2\" data-colsm=\"3\" data-colmd=\"3\" data-collg=\"4\" data-colxl=\"6\" data-dir=\"false\" data-slidesToScroll=\"1\">\r\n                                        <div class=\"slick-slide\">\r\n                            <div class=\"client-image \">\r\n                                <a href=\"#\"><img decoding=\"async\" width=\"138\" height=\"70\" src=\"http:\/\/gencbilgiislem.com\/sigorta\/wp-content\/uploads\/2022\/10\/anadolusigorta.png\" class=\"attachment-full\" alt=\"\" \/><\/a>\r\n                            <\/div>\r\n                        <\/div>\r\n                                                            <div class=\"slick-slide\">\r\n                            <div class=\"client-image \">\r\n                                <a href=\"#\"><img decoding=\"async\" width=\"135\" height=\"38\" src=\"http:\/\/gencbilgiislem.com\/sigorta\/wp-content\/uploads\/2022\/10\/aksigorta.png\" class=\"attachment-full\" alt=\"\" \/><\/a>\r\n                            <\/div>\r\n                        <\/div>\r\n                                                            <div class=\"slick-slide\">\r\n                            <div class=\"client-image \">\r\n                                <a href=\"#\"><img decoding=\"async\" width=\"77\" height=\"44\" src=\"http:\/\/gencbilgiislem.com\/sigorta\/wp-content\/uploads\/2022\/10\/HdiSigorta.png\" class=\"attachment-full\" alt=\"\" \/><\/a>\r\n                            <\/div>\r\n                        <\/div>\r\n                                                            <div class=\"slick-slide\">\r\n                            <div class=\"client-image \">\r\n                                <a href=\"#\"><img decoding=\"async\" width=\"168\" height=\"84\" src=\"http:\/\/gencbilgiislem.com\/sigorta\/wp-content\/uploads\/2022\/10\/logo1.png\" class=\"attachment-full\" alt=\"\" \/><\/a>\r\n                            <\/div>\r\n                        <\/div>\r\n                                                            <div class=\"slick-slide\">\r\n                            <div class=\"client-image \">\r\n                                <a href=\"#\"><img decoding=\"async\" width=\"178\" height=\"35\" src=\"http:\/\/gencbilgiislem.com\/sigorta\/wp-content\/uploads\/2022\/10\/madgelogo.png\" class=\"attachment-full\" alt=\"\" \/><\/a>\r\n                            <\/div>\r\n                        <\/div>\r\n                                                            <div class=\"slick-slide\">\r\n                            <div class=\"client-image \">\r\n                                <a href=\"#\"><img decoding=\"async\" width=\"122\" height=\"68\" src=\"http:\/\/gencbilgiislem.com\/sigorta\/wp-content\/uploads\/2022\/10\/RaySigorta.png\" class=\"attachment-full\" alt=\"\" \/><\/a>\r\n                            <\/div>\r\n                        <\/div>\r\n                                                            <div class=\"slick-slide\">\r\n                            <div class=\"client-image \">\r\n                                <a href=\"#\"><img decoding=\"async\" width=\"173\" height=\"37\" src=\"http:\/\/gencbilgiislem.com\/sigorta\/wp-content\/uploads\/2022\/10\/TurkiyeSigorta.png\" class=\"attachment-full\" alt=\"\" \/><\/a>\r\n                            <\/div>\r\n                        <\/div>\r\n                                                            <div class=\"slick-slide\">\r\n                            <div class=\"client-image \">\r\n                                <a href=\"#\"><img decoding=\"async\" width=\"140\" height=\"70\" src=\"http:\/\/gencbilgiislem.com\/sigorta\/wp-content\/uploads\/2022\/10\/unico.png\" class=\"attachment-full\" alt=\"\" \/><\/a>\r\n                            <\/div>\r\n                        <\/div>\r\n                                                            <div class=\"slick-slide\">\r\n                            <div class=\"client-image \">\r\n                                <a href=\"#\"><img decoding=\"async\" width=\"210\" height=\"60\" src=\"http:\/\/gencbilgiislem.com\/sigorta\/wp-content\/uploads\/2022\/10\/aveon.png\" class=\"attachment-full\" alt=\"\" \/><\/a>\r\n                            <\/div>\r\n                        <\/div>\r\n                                                            <div class=\"slick-slide\">\r\n                            <div class=\"client-image \">\r\n                                <a href=\"#\"><img decoding=\"async\" width=\"157\" height=\"50\" src=\"http:\/\/gencbilgiislem.com\/sigorta\/wp-content\/uploads\/2022\/10\/bereketlogo.png\" class=\"attachment-full\" alt=\"\" \/><\/a>\r\n                            <\/div>\r\n                        <\/div>\r\n                                                            <div class=\"slick-slide\">\r\n                            <div class=\"client-image \">\r\n                                <a href=\"#\"><img decoding=\"async\" width=\"138\" height=\"70\" src=\"http:\/\/gencbilgiislem.com\/sigorta\/wp-content\/uploads\/2022\/10\/dogusigorta.png\" class=\"attachment-full\" alt=\"\" \/><\/a>\r\n                            <\/div>\r\n                        <\/div>\r\n                                                <\/div>\r\n        <\/div>\r\n    <\/div>\r\n\t\t<\/div>\n\t\t\t\t<\/div>\n\t\t            <\/div>\n        <\/div>\n                            <\/div>\n        <\/section>\n        \t\t\t\t\t<\/div>\n\t\t","protected":false},"excerpt":{"rendered":"<p>Rasel Sigorta Hakk\u0131m\u0131zda Vizyonumuz Misyonumuz Neden Rasel Sigorta Hayat\u0131n\u0131z\u0131n en de\u011ferli yat\u0131r\u0131mlar\u0131na gelebilecek zararlar\u0131n kar\u015f\u0131lamas\u0131na yard\u0131mc\u0131 olmak ve hayat\u0131n en beklenmedik kay\u0131plar\u0131ndan sizleri kurtarmak. Ekonomik ve iyi teminatl\u0131 bir sigorta poli\u00e7eniz hakk\u0131nda pratik, basit ve anla\u015f\u0131labilir do\u011fru bilgileri sizlere ula\u015ft\u0131rmak. Teamwork Respect for all people Unquestionable integrity Excellence in everything we do Speed in servicing [&hellip;]<\/p>\n","protected":false},"author":1,"featured_media":0,"parent":0,"menu_order":0,"comment_status":"closed","ping_status":"closed","template":"","meta":{"footnotes":""},"class_list":["post-208","page","type-page","status-publish","hentry"],"_links":{"self":[{"href":"http:\/\/gencbilgiislem.com\/sigorta\/wp-json\/wp\/v2\/pages\/208","targetHints":{"allow":["GET"]}}],"collection":[{"href":"http:\/\/gencbilgiislem.com\/sigorta\/wp-json\/wp\/v2\/pages"}],"about":[{"href":"http:\/\/gencbilgiislem.com\/sigorta\/wp-json\/wp\/v2\/types\/page"}],"author":[{"embeddable":true,"href":"http:\/\/gencbilgiislem.com\/sigorta\/wp-json\/wp\/v2\/users\/1"}],"replies":[{"embeddable":true,"href":"http:\/\/gencbilgiislem.com\/sigorta\/wp-json\/wp\/v2\/comments?post=208"}],"version-history":[{"count":14,"href":"http:\/\/gencbilgiislem.com\/sigorta\/wp-json\/wp\/v2\/pages\/208\/revisions"}],"predecessor-version":[{"id":4016,"href":"http:\/\/gencbilgiislem.com\/sigorta\/wp-json\/wp\/v2\/pages\/208\/revisions\/4016"}],"wp:attachment":[{"href":"http:\/\/gencbilgiislem.com\/sigorta\/wp-json\/wp\/v2\/media?parent=208"}],"curies":[{"name":"wp","href":"https:\/\/api.w.org\/{rel}","templated":true}]}}